{"id":3,"date":"2026-01-12T09:50:58","date_gmt":"2026-01-12T09:50:58","guid":{"rendered":"https:\/\/rivaprime.eu\/?page_id=3"},"modified":"2026-02-08T20:44:59","modified_gmt":"2026-02-08T20:44:59","slug":"podminky","status":"publish","type":"page","link":"https:\/\/rivaprime.eu\/cz\/podminky\/","title":{"rendered":"Podm\u00ednky a pravidla"},"content":{"rendered":"<div data-elementor-type=\"wp-page\" data-elementor-id=\"3\" class=\"elementor elementor-3\">\n\t\t\t\t<div class=\"elementor-element elementor-element-466d2e42 e-flex e-con-boxed e-con e-parent\" data-id=\"466d2e42\" data-element_type=\"container\" data-e-type=\"container\">\n\t\t\t\t\t<div class=\"e-con-inner\">\n\t\t\t\t<div class=\"elementor-element elementor-element-692135d elementor-widget elementor-widget-text-editor\" data-id=\"692135d\" data-element_type=\"widget\" data-e-type=\"widget\" data-widget_type=\"text-editor.default\">\n\t\t\t\t<div class=\"elementor-widget-container\">\n\t\t\t\t\t\t\t\t\t\n<p>Tyto podm\u00ednky a pravidla popisuj\u00ed pravidla a p\u0159edpisy pro pou\u017e\u00edv\u00e1n\u00ed webov\u00fdch str\u00e1nek spole\u010dnosti Riva Prime, kter\u00e9 se nach\u00e1zej\u00ed na adrese https:\/\/www.rivaprime.eu\/. Vstupem na tyto webov\u00e9 str\u00e1nky p\u0159edpokl\u00e1d\u00e1me, \u017ee tyto podm\u00ednky p\u0159ij\u00edm\u00e1te. Nepokra\u010dujte v pou\u017e\u00edv\u00e1n\u00ed webu Riva Prime, pokud nesouhlas\u00edte s p\u0159ijet\u00edm v\u0161ech podm\u00ednek uveden\u00fdch na t\u00e9to str\u00e1nce.<\/p>\n\n<p>N\u00e1sleduj\u00edc\u00ed terminologie se vztahuje na tyto smluvn\u00ed podm\u00ednky, prohl\u00e1\u0161en\u00ed o ochran\u011b osobn\u00edch \u00fadaj\u016f a ozn\u00e1men\u00ed o vylou\u010den\u00ed odpov\u011bdnosti a na v\u0161echny smlouvy: \u201cKlient\u201d, \u201cVy\u201d a \u201cV\u00e1\u0161\u201d se vztahuje na V\u00e1s, osobu, kter\u00e1 se p\u0159ihl\u00e1s\u00ed na t\u011bchto webov\u00fdch str\u00e1nk\u00e1ch a dodr\u017euje podm\u00ednky spole\u010dnosti. \u201cSpole\u010dnost\u201d, \u201cNa\u0161e\u201d, \u201cMy\u201d, \u201cNa\u0161e\u201d a \u201cN\u00e1s\u201d odkazuje na na\u0161i Spole\u010dnost. \u201cStrana\u201d, \u201cStrany\u201d nebo \u201cMy\u201d, odkazuje na klienta i na n\u00e1s. V\u0161echny pojmy se vztahuj\u00ed k nab\u00eddce, p\u0159ijet\u00ed a \u00fahrad\u011b plateb nezbytn\u00fdch k uskute\u010dn\u011bn\u00ed procesu na\u0161\u00ed pomoci Klientovi nejvhodn\u011bj\u0161\u00edm zp\u016fsobem za v\u00fdslovn\u00fdm \u00fa\u010delem uspokojen\u00ed pot\u0159eb Klienta, pokud jde o poskytov\u00e1n\u00ed uveden\u00fdch slu\u017eeb Spole\u010dnosti, v souladu s platn\u00fdmi pr\u00e1vn\u00edmi p\u0159edpisy Evropsk\u00e9 unie a s jejich v\u00fdhradou. Jak\u00e9koli pou\u017eit\u00ed v\u00fd\u0161e uveden\u00e9 terminologie nebo jin\u00fdch slov v jednotn\u00e9m \u010d\u00edsle, mno\u017en\u00e9m \u010d\u00edsle, psan\u00ed velk\u00fdch p\u00edsmen a\/nebo on\/ona nebo oni, se pova\u017euje za zam\u011bniteln\u00e9, a tud\u00ed\u017e se vztahuje na tot\u00e9\u017e.<\/p>\n\n<h3 class=\"wp-block-heading\"><strong>Soubory cookie<\/strong><\/h3>\n\n<p>Pou\u017e\u00edv\u00e1me soubory cookie. Vstupem na str\u00e1nky Riva Prime jste souhlasili s pou\u017e\u00edv\u00e1n\u00edm soubor\u016f cookie v souladu se z\u00e1sadami ochrany osobn\u00edch \u00fadaj\u016f Riva Prime.<\/p>\n\n<p>V\u011bt\u0161ina interaktivn\u00edch webov\u00fdch str\u00e1nek pou\u017e\u00edv\u00e1 soubory cookie, kter\u00e9 n\u00e1m umo\u017e\u0148uj\u00ed z\u00edskat \u00fadaje o u\u017eivateli p\u0159i ka\u017ed\u00e9 n\u00e1v\u0161t\u011bv\u011b. Na\u0161e webov\u00e9 str\u00e1nky pou\u017e\u00edvaj\u00ed soubory cookie k umo\u017en\u011bn\u00ed funk\u010dnosti ur\u010dit\u00fdch oblast\u00ed, aby se usnadnila n\u00e1v\u0161t\u011bva na\u0161ich webov\u00fdch str\u00e1nek. Soubory cookie mohou pou\u017e\u00edvat tak\u00e9 n\u011bkte\u0159\u00ed na\u0161i affiliate\/reklamn\u00ed partne\u0159i.<\/p>\n\n<h3 class=\"wp-block-heading\"><strong>Licence<\/strong><\/h3>\n\n<p>Nen\u00ed-li uvedeno jinak, spole\u010dnost Riva Prime a\/nebo jej\u00ed poskytovatel\u00e9 licenc\u00ed vlastn\u00ed pr\u00e1va du\u0161evn\u00edho vlastnictv\u00ed ke v\u0161em materi\u00e1l\u016fm na Riva Prime. Ve\u0161ker\u00e1 pr\u00e1va du\u0161evn\u00edho vlastnictv\u00ed jsou vyhrazena. P\u0159\u00edstup z Riva Prime je mo\u017en\u00fd pro va\u0161e osobn\u00ed pou\u017eit\u00ed s v\u00fdhradou omezen\u00ed stanoven\u00fdch v t\u011bchto podm\u00ednk\u00e1ch.<\/p>\n\n<p>Nesm\u00edte:<\/p>\n\n<ul class=\"wp-block-list\">\n<li>Znovu publikovat materi\u00e1l z Riva Prime<\/li>\n\n<li>Prod\u00e1vat, pronaj\u00edmat nebo poskytovat sublicence na materi\u00e1l spole\u010dnosti Riva Prime.<\/li>\n\n<li>Reprodukovat, duplikovat nebo kop\u00edrovat materi\u00e1ly z Riva Prime.<\/li>\n\n<li>Redistribuce obsahu z Riva Prime<\/li>\n<\/ul>\n\n<p>N\u011bkter\u00e9 \u010d\u00e1sti t\u011bchto webov\u00fdch str\u00e1nek nab\u00edzej\u00ed u\u017eivatel\u016fm mo\u017enost zve\u0159ej\u0148ovat a vym\u011b\u0148ovat si n\u00e1zory a informace v ur\u010dit\u00fdch oblastech webov\u00fdch str\u00e1nek. Spole\u010dnost Riva Prime nefiltruje, neupravuje, nezve\u0159ej\u0148uje ani nep\u0159ezkoum\u00e1v\u00e1 koment\u00e1\u0159e p\u0159ed jejich zve\u0159ejn\u011bn\u00edm na webov\u00fdch str\u00e1nk\u00e1ch. Koment\u00e1\u0159e neodr\u00e1\u017eej\u00ed n\u00e1zory a stanoviska spole\u010dnosti Riva Prime,jej\u00edch z\u00e1stupc\u016f a\/nebo p\u0159idru\u017een\u00fdch spole\u010dnost\u00ed. Koment\u00e1\u0159e odr\u00e1\u017eej\u00ed n\u00e1zory a stanoviska osoby, kter\u00e1 je zve\u0159ejnila. V rozsahu povolen\u00e9m platn\u00fdmi z\u00e1kony nenese spole\u010dnost Riva Prime odpov\u011bdnost za koment\u00e1\u0159e ani za jakoukoli odpov\u011bdnost, \u0161kody nebo v\u00fddaje zp\u016fsoben\u00e9 a\/nebo vznikl\u00e9 v d\u016fsledku pou\u017eit\u00ed a\/nebo zve\u0159ejn\u011bn\u00ed a\/nebo v\u00fdskytu koment\u00e1\u0159\u016f na t\u011bchto webov\u00fdch str\u00e1nk\u00e1ch.<\/p>\n\n<p>Spole\u010dnost Riva Prime si vyhrazuje pr\u00e1vo sledovat v\u0161echny koment\u00e1\u0159e a odstranit v\u0161echny koment\u00e1\u0159e, kter\u00e9 lze pova\u017eovat za nevhodn\u00e9, ur\u00e1\u017eliv\u00e9 nebo zp\u016fsobuj\u00edc\u00ed poru\u0161en\u00ed t\u011bchto smluvn\u00edch podm\u00ednek.<\/p>\n\n<p>Zaru\u010dujete a prohla\u0161ujete, \u017ee:<\/p>\n\n<ul class=\"wp-block-list\">\n<li>Jste opr\u00e1vn\u011bni zve\u0159ej\u0148ovat koment\u00e1\u0159e na na\u0161ich webov\u00fdch str\u00e1nk\u00e1ch a m\u00e1te k tomu v\u0161echny pot\u0159ebn\u00e9 licence a souhlasy;<\/li>\n\n<li>Koment\u00e1\u0159e nezasahuj\u00ed do \u017e\u00e1dn\u00e9ho pr\u00e1va du\u0161evn\u00edho vlastnictv\u00ed, mimo jin\u00e9 do autorsk\u00fdch pr\u00e1v, patent\u016f nebo ochrann\u00fdch zn\u00e1mek t\u0159et\u00edch stran;<\/li>\n\n<li>Koment\u00e1\u0159e neobsahuj\u00ed \u017e\u00e1dn\u00fd hanliv\u00fd, pomlouva\u010dn\u00fd, ur\u00e1\u017eliv\u00fd, neslu\u0161n\u00fd nebo jinak nez\u00e1konn\u00fd materi\u00e1l, kter\u00fd by zasahoval do soukrom\u00ed.<\/li>\n\n<li>Koment\u00e1\u0159e nebudou pou\u017e\u00edv\u00e1ny k z\u00edsk\u00e1v\u00e1n\u00ed nebo propagaci obchodu nebo zvyklost\u00ed nebo k prezentaci komer\u010dn\u00edch aktivit nebo nez\u00e1konn\u00e9 \u010dinnosti.<\/li>\n<\/ul>\n\n<p>T\u00edmto ud\u011blujete spole\u010dnosti Riva Prime nev\u00fdhradn\u00ed licenci k pou\u017eit\u00ed, reprodukci, \u00faprav\u00e1m a k opr\u00e1vn\u011bn\u00ed ostatn\u00edch k pou\u017eit\u00ed, reprodukci a \u00faprav\u00e1m jak\u00fdchkoli va\u0161ich koment\u00e1\u0159\u016f v jak\u00e9koli form\u011b, form\u00e1tu nebo m\u00e9diu.<\/p>\n\n<h3 class=\"wp-block-heading\"><strong>Hypertextov\u00e9 odkazy na n\u00e1\u0161 obsah<\/strong><\/h3>\n\n<p>N\u00e1sleduj\u00edc\u00ed organizace mohou na na\u0161e webov\u00e9 str\u00e1nky odkazovat bez p\u0159edchoz\u00edho p\u00edsemn\u00e9ho souhlasu:<\/p>\n\n<ul class=\"wp-block-list\">\n<li>Vl\u00e1dn\u00ed agentury;<\/li>\n\n<li>Vyhled\u00e1va\u010de;<\/li>\n\n<li>Zpravodajsk\u00e9 organizace;<\/li>\n\n<li>Distributo\u0159i online adres\u00e1\u0159\u016f mohou odkazovat na na\u0161e webov\u00e9 str\u00e1nky stejn\u00fdm zp\u016fsobem, jak\u00fdm odkazuj\u00ed na webov\u00e9 str\u00e1nky ostatn\u00edch uveden\u00fdch podnik\u016f; a<\/li>\n\n<li>Akreditovan\u00e9 podniky v r\u00e1mci cel\u00e9ho syst\u00e9mu, s v\u00fdjimkou neziskov\u00fdch organizac\u00ed, charitativn\u00edch n\u00e1kupn\u00edch center a skupin pro z\u00edsk\u00e1v\u00e1n\u00ed finan\u010dn\u00edch prost\u0159edk\u016f na charitativn\u00ed \u00fa\u010dely, kter\u00e9 nesm\u011bj\u00ed odkazovat na na\u0161e webov\u00e9 str\u00e1nky.<\/li>\n<\/ul>\n\n<p>Tyto organizace mohou odkazovat na na\u0161i domovskou str\u00e1nku, na publikace nebo na jin\u00e9 informace na webov\u00fdch str\u00e1nk\u00e1ch, pokud je tento odkaz: (a) nen\u00ed v \u017e\u00e1dn\u00e9m p\u0159\u00edpad\u011b klamav\u00fd; (b) nepravdiv\u011b nenazna\u010duje sponzorstv\u00ed, podporu nebo schv\u00e1len\u00ed odkazuj\u00edc\u00ed strany a jej\u00edch produkt\u016f a\/nebo slu\u017eeb; a (c) zapad\u00e1 do kontextu str\u00e1nek odkazuj\u00edc\u00ed strany.<\/p>\n\n<p>M\u016f\u017eeme zv\u00e1\u017eit a schv\u00e1lit dal\u0161\u00ed \u017e\u00e1dosti o propojen\u00ed od n\u00e1sleduj\u00edc\u00edch typ\u016f organizac\u00ed:<\/p>\n\n<ul class=\"wp-block-list\">\n<li>b\u011b\u017en\u011b zn\u00e1m\u00e9 zdroje spot\u0159ebitelsk\u00fdch a\/nebo obchodn\u00edch informac\u00ed;<\/li>\n\n<li>komunitn\u00ed str\u00e1nky dot.com;<\/li>\n\n<li>sdru\u017een\u00ed nebo jin\u00fdch skupin zastupuj\u00edc\u00edch charitativn\u00ed organizace;<\/li>\n\n<li>online adres\u00e1\u0159 distributor\u016f;<\/li>\n\n<li>internetov\u00e9 port\u00e1ly;<\/li>\n\n<li>\u00fa\u010detn\u00ed, pr\u00e1vn\u00ed a poradensk\u00e9 firmy a<\/li>\n\n<li>vzd\u011bl\u00e1vac\u00ed instituce a obchodn\u00ed sdru\u017een\u00ed.<\/li>\n<\/ul>\n\n<p>\u017d\u00e1dosti o propojen\u00ed od t\u011bchto organizac\u00ed schv\u00e1l\u00edme, pokud o tom rozhodneme: (a) odkaz by nezp\u016fsobil nep\u0159\u00edzniv\u00fd obraz n\u00e1s nebo na\u0161ich akreditovan\u00fdch podnik\u016f; (b) organizace u n\u00e1s nem\u00e1 \u017e\u00e1dn\u00e9 negativn\u00ed z\u00e1znamy; (c) p\u0159\u00ednos pro n\u00e1s z viditelnosti hypertextov\u00e9ho odkazu kompenzuje absenci Riva Prime; a (d) odkaz je v kontextu obecn\u00fdch informac\u00ed o zdroj\u00edch.<\/p>\n\n<p>Tyto organizace mohou odkazovat na na\u0161i domovskou str\u00e1nku, pokud odkaz: (a) nen\u00ed v \u017e\u00e1dn\u00e9m p\u0159\u00edpad\u011b klamav\u00fd; (b) nepravdiv\u011b neimplikuje sponzorstv\u00ed, podporu nebo schv\u00e1len\u00ed odkazuj\u00edc\u00ed strany a jej\u00edch produkt\u016f nebo slu\u017eeb; a (c) zapad\u00e1 do kontextu str\u00e1nek odkazuj\u00edc\u00ed strany.<\/p>\n\n<p>Pokud jste jednou z organizac\u00ed uveden\u00fdch v odstavci 2 v\u00fd\u0161e a m\u00e1te z\u00e1jem o propojen\u00ed s na\u0161imi webov\u00fdmi str\u00e1nkami, mus\u00edte n\u00e1s o tom informovat zasl\u00e1n\u00edm e-mailu spole\u010dnosti Riva Prime. Uve\u010fte pros\u00edm sv\u00e9 jm\u00e9no, n\u00e1zev organizace, kontaktn\u00ed \u00fadaje a tak\u00e9 adresu URL va\u0161\u00ed str\u00e1nky, seznam v\u0161ech adres URL, ze kter\u00fdch hodl\u00e1te na na\u0161e webov\u00e9 str\u00e1nky odkazovat, a seznam adres URL na na\u0161ich str\u00e1nk\u00e1ch, na kter\u00e9 chcete odkazovat. Na odpov\u011b\u010f po\u010dkejte 2-3 t\u00fddny.<\/p>\n\n<p>Schv\u00e1len\u00e9 organizace mohou na na\u0161e webov\u00e9 str\u00e1nky odkazovat takto:<\/p>\n\n<ul class=\"wp-block-list\">\n<li>pou\u017e\u00edv\u00e1n\u00edm n\u00e1zvu na\u0161\u00ed spole\u010dnosti; nebo<\/li>\n\n<li>Pou\u017eit\u00edm jednotn\u00e9ho lok\u00e1toru zdroj\u016f, na kter\u00fd se odkazuje, nebo<\/li>\n\n<li>Pou\u017eit\u00edm jak\u00e9hokoli jin\u00e9ho popisu na\u0161ich webov\u00fdch str\u00e1nek, na kter\u00e9 je odkazov\u00e1no, kter\u00fd d\u00e1v\u00e1 smysl v kontextu a form\u00e1tu obsahu na str\u00e1nk\u00e1ch odkazuj\u00edc\u00ed strany.<\/li>\n<\/ul>\n\n<p>Bez licen\u010dn\u00ed smlouvy na ochrannou zn\u00e1mku nebude povoleno pou\u017e\u00edvat logo Riva Prime ani jin\u00e9 um\u011bleck\u00e9 d\u00edlo pro odkazov\u00e1n\u00ed.<\/p>\n\n<h3 class=\"wp-block-heading\"><strong>iFrames<\/strong><\/h3>\n\n<p>Bez p\u0159edchoz\u00edho souhlasu a p\u00edsemn\u00e9ho povolen\u00ed nesm\u00edte kolem na\u0161ich webov\u00fdch str\u00e1nek vytv\u00e1\u0159et r\u00e1my, kter\u00e9 by jak\u00fdmkoli zp\u016fsobem m\u011bnily vizu\u00e1ln\u00ed prezentaci nebo vzhled na\u0161ich webov\u00fdch str\u00e1nek.<\/p>\n\n<h3 class=\"wp-block-heading\"><strong>Odpov\u011bdnost za obsah<\/strong><\/h3>\n\n<p>Neneseme odpov\u011bdnost za \u017e\u00e1dn\u00fd obsah, kter\u00fd se objev\u00ed na va\u0161ich webov\u00fdch str\u00e1nk\u00e1ch. Souhlas\u00edte s t\u00edm, \u017ee n\u00e1s budete chr\u00e1nit a br\u00e1nit proti v\u0161em n\u00e1rok\u016fm, kter\u00e9 na va\u0161ich Webov\u00fdch str\u00e1nk\u00e1ch vznikaj\u00ed. Na \u017e\u00e1dn\u00e9 Webov\u00e9 str\u00e1nce by se nem\u011bl objevit odkaz(y), kter\u00fd by mohl b\u00fdt vykl\u00e1d\u00e1n jako hanliv\u00fd, obsc\u00e9nn\u00ed nebo trestn\u00fd, nebo kter\u00fd poru\u0161uje, jinak poru\u0161uje nebo propaguje poru\u0161en\u00ed nebo jin\u00e9 poru\u0161en\u00ed pr\u00e1v t\u0159et\u00edch stran.<\/p>\n\n<h3 class=\"wp-block-heading\"><strong>Va\u0161e soukrom\u00ed<\/strong><\/h3>\n\n<p>P\u0159e\u010dt\u011bte si pros\u00edm Z\u00e1sady ochrany osobn\u00edch \u00fadaj\u016f<\/p>\n\n<h3 class=\"wp-block-heading\"><strong>V\u00fdhrada pr\u00e1v<\/strong><\/h3>\n\n<p>Vyhrazujeme si pr\u00e1vo po\u017e\u00e1dat v\u00e1s o odstran\u011bn\u00ed v\u0161ech odkaz\u016f nebo jak\u00e9hokoli konkr\u00e9tn\u00edho odkazu na na\u0161e webov\u00e9 str\u00e1nky. Souhlas\u00edte s t\u00edm, \u017ee na po\u017e\u00e1d\u00e1n\u00ed okam\u017eit\u011b odstran\u00edte v\u0161echny odkazy na na\u0161e Webov\u00e9 str\u00e1nky. Vyhrazujeme si tak\u00e9 pr\u00e1vo tyto podm\u00ednky a z\u00e1sady odkazov\u00e1n\u00ed kdykoli zm\u011bnit. Neust\u00e1l\u00fdm odkazov\u00e1n\u00edm na na\u0161e Webov\u00e9 str\u00e1nky souhlas\u00edte s t\u00edm, \u017ee se budete \u0159\u00eddit t\u011bmito podm\u00ednkami odkazov\u00e1n\u00ed.<\/p>\n\n<h3 class=\"wp-block-heading\"><strong>Odstran\u011bn\u00ed odkaz\u016f z na\u0161ich webov\u00fdch str\u00e1nek<\/strong><\/h3>\n\n<p>Pokud na na\u0161ich webov\u00fdch str\u00e1nk\u00e1ch najdete odkaz, kter\u00fd je z jak\u00e9hokoli d\u016fvodu ur\u00e1\u017eliv\u00fd, m\u016f\u017eete n\u00e1s kdykoli kontaktovat a informovat. \u017d\u00e1dosti o odstran\u011bn\u00ed odkaz\u016f zv\u00e1\u017e\u00edme, ale nejsme povinni tak u\u010dinit ani v\u00e1m p\u0159\u00edmo odpov\u011bd\u011bt.<\/p>\n\n<p>Nezaru\u010dujeme, \u017ee informace na t\u011bchto webov\u00fdch str\u00e1nk\u00e1ch jsou spr\u00e1vn\u00e9, neru\u010d\u00edme za jejich \u00faplnost nebo p\u0159esnost, ani neslibujeme, \u017ee webov\u00e9 str\u00e1nky z\u016fstanou dostupn\u00e9 nebo \u017ee materi\u00e1l na nich bude aktualizov\u00e1n.<\/p>\n\n<h3 class=\"wp-block-heading\"><strong>Odm\u00edtnut\u00ed odpov\u011bdnosti<\/strong><\/h3>\n\n<p>V maxim\u00e1ln\u00edm rozsahu povolen\u00e9m platn\u00fdmi z\u00e1kony vylu\u010dujeme ve\u0161ker\u00e1 prohl\u00e1\u0161en\u00ed, z\u00e1ruky a podm\u00ednky t\u00fdkaj\u00edc\u00ed se na\u0161ich webov\u00fdch str\u00e1nek a jejich pou\u017e\u00edv\u00e1n\u00ed. \u017d\u00e1dn\u00e9 z ustanoven\u00ed tohoto prohl\u00e1\u0161en\u00ed o vylou\u010den\u00ed odpov\u011bdnosti se nevztahuje na:<\/p>\n\n<ul class=\"wp-block-list\">\n<li>omezit nebo vylou\u010dit na\u0161i nebo va\u0161i odpov\u011bdnost za smrt nebo \u00fajmu na zdrav\u00ed;<\/li>\n\n<li>omezit nebo vylou\u010dit na\u0161i nebo va\u0161i odpov\u011bdnost za podvod nebo podvodn\u00e9 zkreslen\u00ed;<\/li>\n\n<li>omezovat na\u0161e nebo va\u0161e z\u00e1vazky jak\u00fdmkoli zp\u016fsobem, kter\u00fd nen\u00ed povolen platn\u00fdmi pr\u00e1vn\u00edmi p\u0159edpisy; nebo<\/li>\n\n<li>vylou\u010den\u00ed na\u0161ich nebo va\u0161ich z\u00e1vazk\u016f, kter\u00e9 nelze vylou\u010dit podle platn\u00fdch pr\u00e1vn\u00edch p\u0159edpis\u016f.<\/li>\n<\/ul>\n\n<p>Omezen\u00ed a z\u00e1kazy odpov\u011bdnosti uveden\u00e9 v tomto odd\u00edle a na jin\u00fdch m\u00edstech tohoto prohl\u00e1\u0161en\u00ed o vylou\u010den\u00ed odpov\u011bdnosti: (a) podl\u00e9haj\u00ed p\u0159edchoz\u00edmu odstavci; a (b) \u0159\u00edd\u00ed se jimi v\u0161echny z\u00e1vazky vypl\u00fdvaj\u00edc\u00ed z tohoto prohl\u00e1\u0161en\u00ed o vylou\u010den\u00ed odpov\u011bdnosti, v\u010detn\u011b z\u00e1vazk\u016f vypl\u00fdvaj\u00edc\u00edch ze smlouvy, z deliktu a z poru\u0161en\u00ed z\u00e1konn\u00e9 povinnosti.<\/p>\n\n<p>Dokud jsou webov\u00e9 str\u00e1nky a informace a slu\u017eby na nich poskytov\u00e1ny bezplatn\u011b, neneseme odpov\u011bdnost za jakoukoli ztr\u00e1tu nebo \u0161kodu jak\u00e9koli povahy.<\/p>\n<h2>Zru\u0161en\u00ed a omezen\u00ed p\u0159\u00edstupu<\/h2>\n<p>Spole\u010dnost Riva Prime si vyhrazuje pr\u00e1vo kdykoli ukon\u010dit p\u0159\u00edstup u\u017eivatele k t\u011bmto str\u00e1nk\u00e1m a souvisej\u00edc\u00edm slu\u017eb\u00e1m nebo k jejich \u010d\u00e1sti, a to bez p\u0159edchoz\u00edho upozorn\u011bn\u00ed nebo p\u0159ipom\u00ednky. \u201cNez\u00e1konn\u00e9 pou\u017e\u00edv\u00e1n\u00ed\u201d str\u00e1nek podle t\u00e9to smlouvy se ve v\u0161ech sporech souvisej\u00edc\u00edch s pou\u017e\u00edv\u00e1n\u00edm str\u00e1nek \u0159\u00edd\u00ed evropsk\u00fdm pr\u00e1vem. Pou\u017e\u00edv\u00e1n\u00ed str\u00e1nek nen\u00ed povoleno v \u017e\u00e1dn\u00e9 jurisdikci, kde tato smlouva nem\u00e1 \u00fa\u010dinky pro v\u0161echny strany t\u00e9to smlouvy a podm\u00ednek, v\u010detn\u011b tohoto odstavce.<\/p>\n<p><br \/>U\u017eivatel souhlas\u00ed s t\u00edm, \u017ee mezi n\u00edm a webem neexistuje \u017e\u00e1dn\u00e9 sdru\u017een\u00ed, partnerstv\u00ed, zam\u011bstn\u00e1n\u00ed nebo vztah vypl\u00fdvaj\u00edc\u00ed z t\u00e9to smlouvy nebo z pou\u017e\u00edv\u00e1n\u00ed webu. Pln\u011bn\u00ed t\u00e9to smlouvy ze strany spole\u010dnosti Riva Prime podl\u00e9h\u00e1 platn\u00fdm z\u00e1kon\u016fm a pr\u00e1vn\u00edm proces\u016fm a nic z toho, co je obsa\u017eeno v t\u00e9to smlouv\u011b, nezbavuje web pr\u00e1va vyhov\u011bt vl\u00e1dn\u00edm nebo donucovac\u00edm \u017e\u00e1dostem \u010di po\u017eadavk\u016fm t\u00fdkaj\u00edc\u00edm se pou\u017e\u00edv\u00e1n\u00ed webu.<\/p>\n<p><br \/>Pokud bude n\u011bkter\u00e1 \u010d\u00e1st t\u00e9to smlouvy shled\u00e1na neplatnou, nevymahatelnou nebo v rozporu se z\u00e1konem, bude neplatn\u00e9 nebo nevymahateln\u00e9 ustanoven\u00ed pova\u017eov\u00e1no za nahrazen\u00e9 platn\u00fdm a vymahateln\u00fdm ustanoven\u00edm, kter\u00e9 se nejv\u00edce bl\u00ed\u017e\u00ed z\u00e1m\u011bru p\u016fvodn\u00edho ustanoven\u00ed, a zb\u00fdvaj\u00edc\u00ed \u010d\u00e1st smlouvy z\u016fstane v platnosti. Tato smlouva p\u0159edstavuje \u00faplnou dohodu mezi u\u017eivatelem a spole\u010dnost\u00ed Riva Prime t\u00fdkaj\u00edc\u00ed se t\u011bchto str\u00e1nek a nahrazuje ve\u0161kerou p\u0159edchoz\u00ed komunikaci a n\u00e1vrhy, a\u0165 u\u017e elektronick\u00e9, \u00fastn\u00ed nebo p\u00edsemn\u00e9, mezi u\u017eivatelem a spole\u010dnost\u00ed Riva Prime t\u00fdkaj\u00edc\u00ed se t\u011bchto str\u00e1nek. V soudn\u00edm nebo spr\u00e1vn\u00edm \u0159\u00edzen\u00ed t\u00fdkaj\u00edc\u00edm se t\u00e9to smlouvy lze po\u017eadovat ti\u0161t\u011bnou verzi t\u00e9to smlouvy a jak\u00e9hokoli ozn\u00e1men\u00ed v elektronick\u00e9 podob\u011b.<\/p>\n<h2>Autorsk\u00e1 pr\u00e1va<\/h2>\n<p>Ve\u0161ker\u00fd obsah str\u00e1nek, v\u010detn\u011b textu, obr\u00e1zk\u016f, grafiky, zvuk\u016f, vide\u00ed, animac\u00ed, soubor\u016f ke sta\u017een\u00ed, jako\u017e i zp\u016fsob jejich prezentace, struktura str\u00e1nek a uspo\u0159\u00e1d\u00e1n\u00ed prvk\u016f, podl\u00e9h\u00e1 bez v\u00fdjimky autorsk\u00fdm pr\u00e1v\u016fm na\u0161\u00ed zna\u010dky, pokud nen\u00ed uvedeno jinak.<\/p>\n<p><br \/>K informac\u00edm na str\u00e1nk\u00e1ch nen\u00ed ud\u011blena \u017e\u00e1dn\u00e1 licence ani vlastnick\u00e9 pr\u00e1vo a obsah str\u00e1nek nesm\u00edte reprodukovat. \u017d\u00e1dn\u00fd obsah str\u00e1nek nesm\u00ed b\u00fdt kop\u00edrov\u00e1n, \u0161\u00ed\u0159en, upravov\u00e1n nebo um\u00edst\u011bn na jin\u00e9 str\u00e1nky bez p\u0159edchoz\u00edho p\u00edsemn\u00e9ho souhlasu zna\u010dky.<\/p>\n\n<p>\u00a0<\/p>\n\n<p>\u00a0<\/p>\n\t\t\t\t\t\t\t\t<\/div>\n\t\t\t\t<\/div>\n\t\t\t\t\t<\/div>\n\t\t\t\t<\/div>\n\t\t\t\t<\/div>","protected":false},"excerpt":{"rendered":"<p>These terms and conditions outline the rules and regulations for the use of Riva Prime Website, located at https:\/\/www.rivaprime.eu\/. By accessing this website we assume you accept these terms and conditions. Do not continue to use Riva Prime if you do not agree to take all of the terms and conditions stated on this page. &#8230;<\/p>","protected":false},"author":1,"featured_media":0,"parent":0,"menu_order":0,"comment_status":"closed","ping_status":"closed","template":"","meta":{"cozystay_single_page_hide_site_header":"","cozystay_single_page_site_header_source":"","cozystay_single_page_custom_site_header":"0","cozystay_single_page_custom_sticky_site_header":"0","cozystay_single_page_hide_page_title":"","cozystay_single_page_header_section_size":"","cozystay_single_page_header_background_color":"","cozystay_single_page_header_background_position_x":"center","cozystay_single_page_header_background_position_y":"center","cozystay_single_page_header_background_size":"cover","cozystay_single_page_header_background_repeat":"off","cozystay_single_page_header_background_scroll":"on","cozystay_single_page_header_text_color":"","cozystay_single_page_header_show_breadcrumb":"","cozystay_single_page_site_footer_hide_main":"","cozystay_single_custom_site_footer_main_source":"","cozystay_single_custom_site_footer_main":"0","cozystay_single_page_site_footer_hide_above":"","cozystay_single_custom_site_footer_above_source":"","cozystay_single_custom_site_footer_above":"0","cozystay_single_page_site_footer_hide_instagram":"","cozystay_single_page_site_footer_hide_bottom":"","cozystay_single_custom_mobile_menu_source":"","cozystay_single_custom_mobile_menu":"0","cozystay_single_custom_mobile_menu_animation":"","cozystay_single_custom_mobile_menu_width":"","cozystay_single_custom_mobile_menu_custom_width":375,"footnotes":""},"class_list":["post-3","page","type-page","status-publish","hentry"],"aioseo_notices":[],"_links":{"self":[{"href":"https:\/\/rivaprime.eu\/cz\/wp-json\/wp\/v2\/pages\/3","targetHints":{"allow":["GET"]}}],"collection":[{"href":"https:\/\/rivaprime.eu\/cz\/wp-json\/wp\/v2\/pages"}],"about":[{"href":"https:\/\/rivaprime.eu\/cz\/wp-json\/wp\/v2\/types\/page"}],"author":[{"embeddable":true,"href":"https:\/\/rivaprime.eu\/cz\/wp-json\/wp\/v2\/users\/1"}],"replies":[{"embeddable":true,"href":"https:\/\/rivaprime.eu\/cz\/wp-json\/wp\/v2\/comments?post=3"}],"version-history":[{"count":13,"href":"https:\/\/rivaprime.eu\/cz\/wp-json\/wp\/v2\/pages\/3\/revisions"}],"predecessor-version":[{"id":2471,"href":"https:\/\/rivaprime.eu\/cz\/wp-json\/wp\/v2\/pages\/3\/revisions\/2471"}],"wp:attachment":[{"href":"https:\/\/rivaprime.eu\/cz\/wp-json\/wp\/v2\/media?parent=3"}],"curies":[{"name":"wp","href":"https:\/\/api.w.org\/{rel}","templated":true}]}}