{"id":2487,"date":"2026-01-12T14:54:50","date_gmt":"2026-01-12T14:54:50","guid":{"rendered":"https:\/\/rivaprime.eu\/?page_id=2487"},"modified":"2026-01-12T22:08:40","modified_gmt":"2026-01-12T22:08:40","slug":"litigation","status":"publish","type":"page","link":"https:\/\/rivaprime.eu\/nl\/litigation\/","title":{"rendered":"Geschillen"},"content":{"rendered":"\t\t<div data-elementor-type=\"wp-page\" data-elementor-id=\"2487\" class=\"elementor elementor-2487\">\n\t\t\t\t<div class=\"elementor-element elementor-element-466d2e42 e-flex e-con-boxed e-con e-parent\" data-id=\"466d2e42\" data-element_type=\"container\" data-e-type=\"container\">\n\t\t\t\t\t<div class=\"e-con-inner\">\n\t\t\t\t<div class=\"elementor-element elementor-element-692135d elementor-widget elementor-widget-text-editor\" data-id=\"692135d\" data-element_type=\"widget\" data-e-type=\"widget\" data-widget_type=\"text-editor.default\">\n\t\t\t\t<div class=\"elementor-widget-container\">\n\t\t\t\t\t\t\t\t\t\n<h2 class=\"wp-block-heading\">Litigation<\/h2>\n<h3 class=\"\" data-start=\"110\" data-end=\"155\">\ud83d\udcd5 Livro de Reclama\u00e7\u00f5es (Complaints Book)<\/h3>\n<p class=\"\" data-start=\"157\" data-end=\"352\"><span class=\"relative -mx-px my-[-0.2rem] rounded px-px py-[0.2rem] transition-colors duration-100 ease-in-out\">The <em data-start=\"4\" data-end=\"26\">Livro de Reclama\u00e7\u00f5es<\/em> is a mandatory tool in Portugal that allows consumers to formally register complaints about goods or services.<\/span> <span class=\"relative -mx-px my-[-0.2rem] rounded px-px py-[0.2rem] transition-colors duration-100 ease-in-out\">Available in both physical and electronic formats, it ensures that businesses are held accountable and that consumer rights are protected.<\/span> <span class=\"relative -mx-px my-[-0.2rem] rounded px-px py-[0.2rem] transition-colors duration-100 ease-in-out\">Once a complaint is submitted, the business is required to respond within 15 days and inform the relevant regulatory authority.<\/span> \u200b<\/p>\n<p class=\"\" data-start=\"354\" data-end=\"435\"><span class=\"relative -mx-px my-[-0.2rem] rounded px-px py-[0.2rem] transition-colors duration-100 ease-in-out\">Access the electronic Complaints Book here: <a href=\"https:\/\/www.livroreclamacoes.pt\/Inicio\/\" target=\"_new\" rel=\"noopener noreferrer\" data-start=\"44\" data-end=\"126\" data-is-last-node=\"\">https:\/\/www.livroreclamacoes.pt\/Inicio\/<\/a><\/span>\u200b<\/p>\n<h3 data-start=\"442\" data-end=\"513\">\u00a0<\/h3>\n<h3 class=\"\" data-start=\"442\" data-end=\"513\">\u2696\ufe0f Centro de Arbitragem de Conflitos de Consumo do Algarve (CIMAAL)<\/h3>\n<p class=\"\" data-start=\"515\" data-end=\"714\"><span class=\"relative -mx-px my-[-0.2rem] rounded px-px py-[0.2rem] transition-colors duration-100 ease-in-out\">CIMAAL is an alternative dispute resolution center that facilitates the resolution of consumer conflicts in the Algarve region.<\/span> <span class=\"relative -mx-px my-[-0.2rem] rounded px-px py-[0.2rem] transition-colors duration-100 ease-in-out\">It offers a swift, straightforward, and cost-effective process, providing an alternative to traditional court proceedings.<\/span> <span class=\"relative -mx-px my-[-0.2rem] rounded px-px py-[0.2rem] transition-colors duration-100 ease-in-out\">Operating under Law No. 144\/2015, CIMAAL handles disputes through mediation, conciliation, or arbitration.<\/span> \u200b<\/p>\n<p class=\"\" data-start=\"716\" data-end=\"801\"><span class=\"relative -mx-px my-[-0.2rem] rounded px-px py-[0.2rem] transition-colors duration-100 ease-in-out\">Learn more about CIMAAL here: <a href=\"http:\/\/www.consumoalgarve.pt\/\" target=\"_new\" rel=\"noopener noreferrer\" data-start=\"30\" data-end=\"92\" data-is-last-node=\"\">http:\/\/www.consumoalgarve.pt\/<\/a><\/span><\/p>\n\t\t\t\t\t\t\t\t<\/div>\n\t\t\t\t<\/div>\n\t\t\t\t\t<\/div>\n\t\t\t\t<\/div>\n\t\t\t\t<\/div>\n\t\t","protected":false},"excerpt":{"rendered":"<p>Litigation \ud83d\udcd5 Livro de Reclama\u00e7\u00f5es (Complaints Book) The Livro de Reclama\u00e7\u00f5es is a mandatory tool in Portugal that allows consumers to formally register complaints about goods or services. Available in both physical and electronic formats, it ensures that businesses are held accountable and that consumer rights are protected. Once a complaint is submitted, the business &#8230;<\/p>","protected":false},"author":1,"featured_media":0,"parent":0,"menu_order":0,"comment_status":"closed","ping_status":"closed","template":"","meta":{"cozystay_single_page_hide_site_header":"","cozystay_single_page_site_header_source":"","cozystay_single_page_custom_site_header":"0","cozystay_single_page_custom_sticky_site_header":"0","cozystay_single_page_hide_page_title":"","cozystay_single_page_header_section_size":"","cozystay_single_page_header_background_color":"","cozystay_single_page_header_background_position_x":"center","cozystay_single_page_header_background_position_y":"center","cozystay_single_page_header_background_size":"cover","cozystay_single_page_header_background_repeat":"off","cozystay_single_page_header_background_scroll":"on","cozystay_single_page_header_text_color":"","cozystay_single_page_header_show_breadcrumb":"","cozystay_single_page_site_footer_hide_main":"","cozystay_single_custom_site_footer_main_source":"","cozystay_single_custom_site_footer_main":"0","cozystay_single_page_site_footer_hide_above":"","cozystay_single_custom_site_footer_above_source":"","cozystay_single_custom_site_footer_above":"0","cozystay_single_page_site_footer_hide_instagram":"","cozystay_single_page_site_footer_hide_bottom":"","cozystay_single_custom_mobile_menu_source":"","cozystay_single_custom_mobile_menu":"0","cozystay_single_custom_mobile_menu_animation":"","cozystay_single_custom_mobile_menu_width":"","cozystay_single_custom_mobile_menu_custom_width":375,"footnotes":""},"class_list":["post-2487","page","type-page","status-publish","hentry"],"aioseo_notices":[],"_links":{"self":[{"href":"https:\/\/rivaprime.eu\/nl\/wp-json\/wp\/v2\/pages\/2487","targetHints":{"allow":["GET"]}}],"collection":[{"href":"https:\/\/rivaprime.eu\/nl\/wp-json\/wp\/v2\/pages"}],"about":[{"href":"https:\/\/rivaprime.eu\/nl\/wp-json\/wp\/v2\/types\/page"}],"author":[{"embeddable":true,"href":"https:\/\/rivaprime.eu\/nl\/wp-json\/wp\/v2\/users\/1"}],"replies":[{"embeddable":true,"href":"https:\/\/rivaprime.eu\/nl\/wp-json\/wp\/v2\/comments?post=2487"}],"version-history":[{"count":10,"href":"https:\/\/rivaprime.eu\/nl\/wp-json\/wp\/v2\/pages\/2487\/revisions"}],"predecessor-version":[{"id":2497,"href":"https:\/\/rivaprime.eu\/nl\/wp-json\/wp\/v2\/pages\/2487\/revisions\/2497"}],"wp:attachment":[{"href":"https:\/\/rivaprime.eu\/nl\/wp-json\/wp\/v2\/media?parent=2487"}],"curies":[{"name":"wp","href":"https:\/\/api.w.org\/{rel}","templated":true}]}}