{"id":3,"date":"2026-01-12T09:50:58","date_gmt":"2026-01-12T09:50:58","guid":{"rendered":"https:\/\/rivaprime.eu\/?page_id=3"},"modified":"2026-02-08T20:44:59","modified_gmt":"2026-02-08T20:44:59","slug":"zasady-i-warunki","status":"publish","type":"page","link":"https:\/\/rivaprime.eu\/pl\/zasady-i-warunki\/","title":{"rendered":"Zasady i warunki"},"content":{"rendered":"<div data-elementor-type=\"wp-page\" data-elementor-id=\"3\" class=\"elementor elementor-3\">\n\t\t\t\t<div class=\"elementor-element elementor-element-466d2e42 e-flex e-con-boxed e-con e-parent\" data-id=\"466d2e42\" data-element_type=\"container\" data-e-type=\"container\">\n\t\t\t\t\t<div class=\"e-con-inner\">\n\t\t\t\t<div class=\"elementor-element elementor-element-692135d elementor-widget elementor-widget-text-editor\" data-id=\"692135d\" data-element_type=\"widget\" data-e-type=\"widget\" data-widget_type=\"text-editor.default\">\n\t\t\t\t<div class=\"elementor-widget-container\">\n\t\t\t\t\t\t\t\t\t\n<p>Niniejsze warunki okre\u015blaj\u0105 zasady i przepisy dotycz\u0105ce korzystania ze strony internetowej Riva Prime, znajduj\u0105cej si\u0119 pod adresem https:\/\/www.rivaprime.eu\/. Uzyskuj\u0105c dost\u0119p do tej witryny, zak\u0142adamy, \u017ce akceptujesz te warunki. Nie kontynuuj korzystania z Riva Prime, je\u015bli nie zgadzasz si\u0119 na wszystkie warunki okre\u015blone na tej stronie.<\/p>\n\n<p>Poni\u017csza terminologia ma zastosowanie do niniejszych Warunk\u00f3w, O\u015bwiadczenia o ochronie prywatno\u015bci i Zastrze\u017cenia oraz wszystkich Um\u00f3w: \u201cKlient\u201d, \u201cTy\u201d i \u201cTw\u00f3j\u201d odnosi si\u0119 do Ciebie, osoby loguj\u0105cej si\u0119 na tej stronie internetowej i przestrzegaj\u0105cej warunk\u00f3w Sp\u00f3\u0142ki. \u201cThe Company\u201d, \u201cOurselves\u201d, \u201cWe\u201d, \u201cOur\u201d i \u201cUs\u201d odnosz\u0105 si\u0119 do naszej Sp\u00f3\u0142ki. \u201cStrona\u201d, \u201cStrony\u201d lub \u201cMy\u201d odnosz\u0105 si\u0119 zar\u00f3wno do Klienta, jak i do nas. Wszystkie terminy odnosz\u0105 si\u0119 do oferty, akceptacji i uwzgl\u0119dnienia p\u0142atno\u015bci niezb\u0119dnych do podj\u0119cia procesu naszej pomocy Klientowi w najbardziej odpowiedni spos\u00f3b w wyra\u017anym celu zaspokojenia potrzeb Klienta w zakresie \u015bwiadczenia okre\u015blonych us\u0142ug Sp\u00f3\u0142ki, zgodnie z obowi\u0105zuj\u0105cym prawem Unii Europejskiej i z zastrze\u017ceniem tego prawa. Wszelkie u\u017cycie powy\u017cszej terminologii lub innych s\u0142\u00f3w w liczbie pojedynczej, mnogiej, wielkiej litery i\/lub on\/ona lub oni, s\u0105 traktowane jako zamienne, a zatem jako odnosz\u0105ce si\u0119 do tego samego.<\/p>\n\n<h3 class=\"wp-block-heading\"><strong>Pliki cookie<\/strong><\/h3>\n\n<p>Wykorzystujemy pliki cookie. Uzyskuj\u0105c dost\u0119p do Riva Prime, zgadzasz si\u0119 na u\u017cywanie plik\u00f3w cookie zgodnie z Polityk\u0105 prywatno\u015bci Riva Prime.<\/p>\n\n<p>Wi\u0119kszo\u015b\u0107 interaktywnych witryn internetowych wykorzystuje pliki cookie, aby umo\u017cliwi\u0107 nam pobieranie danych u\u017cytkownika podczas ka\u017cdej wizyty. Pliki cookie s\u0105 u\u017cywane przez nasz\u0105 witryn\u0119 internetow\u0105 w celu umo\u017cliwienia funkcjonalno\u015bci niekt\u00f3rych obszar\u00f3w, aby u\u0142atwi\u0107 osobom odwiedzaj\u0105cym nasz\u0105 witryn\u0119. Niekt\u00f3rzy z naszych partner\u00f3w stowarzyszonych\/reklamowych mog\u0105 r\u00f3wnie\u017c u\u017cywa\u0107 plik\u00f3w cookie.<\/p>\n\n<h3 class=\"wp-block-heading\"><strong>Licencja<\/strong><\/h3>\n\n<p>O ile nie okre\u015blono inaczej, Riva Prime i\/lub jej licencjodawcy s\u0105 w\u0142a\u015bcicielami praw w\u0142asno\u015bci intelektualnej do wszystkich materia\u0142\u00f3w na Riva Prime. Wszelkie prawa w\u0142asno\u015bci intelektualnej s\u0105 zastrze\u017cone. U\u017cytkownik mo\u017ce uzyska\u0107 dost\u0119p do tych materia\u0142\u00f3w z Riva Prime na w\u0142asny u\u017cytek osobisty, z zastrze\u017ceniem ogranicze\u0144 okre\u015blonych w niniejszych warunkach.<\/p>\n\n<p>Nie wolno:<\/p>\n\n<ul class=\"wp-block-list\">\n<li>Ponowna publikacja materia\u0142\u00f3w z Riva Prime<\/li>\n\n<li>Sprzeda\u017c, wynajem lub sublicencjonowanie materia\u0142\u00f3w z Riva Prime<\/li>\n\n<li>Powielanie, powielanie lub kopiowanie materia\u0142\u00f3w z Riva Prime<\/li>\n\n<li>Redystrybucja tre\u015bci z Riva Prime<\/li>\n<\/ul>\n\n<p>Cz\u0119\u015bci tej witryny oferuj\u0105 u\u017cytkownikom mo\u017cliwo\u015b\u0107 publikowania i wymiany opinii i informacji w niekt\u00f3rych obszarach witryny. Riva Prime nie filtruje, nie edytuje, nie publikuje ani nie przegl\u0105da komentarzy przed ich umieszczeniem na stronie internetowej. Komentarze nie odzwierciedlaj\u0105 pogl\u0105d\u00f3w i opinii Riva Prime, jej przedstawicieli i\/lub podmiot\u00f3w stowarzyszonych. Komentarze odzwierciedlaj\u0105 pogl\u0105dy i opinie osoby, kt\u00f3ra je publikuje. W zakresie dozwolonym przez obowi\u0105zuj\u0105ce prawo, Riva Prime nie ponosi odpowiedzialno\u015bci za Komentarze ani za jak\u0105kolwiek odpowiedzialno\u015b\u0107, szkody lub wydatki spowodowane i\/lub poniesione w wyniku jakiegokolwiek wykorzystania i\/lub opublikowania i\/lub pojawienia si\u0119 Komentarzy na tej stronie.<\/p>\n\n<p>Riva Prime zastrzega sobie prawo do monitorowania wszystkich komentarzy i usuwania wszelkich komentarzy, kt\u00f3re mo\u017cna uzna\u0107 za nieodpowiednie, obra\u017aliwe lub powoduj\u0105ce naruszenie niniejszych Warunk\u00f3w.<\/p>\n\n<p>U\u017cytkownik gwarantuje i o\u015bwiadcza, \u017ce<\/p>\n\n<ul class=\"wp-block-list\">\n<li>U\u017cytkownik jest uprawniony do zamieszczania Komentarzy na naszej stronie internetowej i posiada na to wszelkie niezb\u0119dne licencje i zgody;<\/li>\n\n<li>Komentarze nie naruszaj\u0105 \u017cadnych praw w\u0142asno\u015bci intelektualnej, w tym mi\u0119dzy innymi praw autorskich, patent\u00f3w lub znak\u00f3w towarowych os\u00f3b trzecich;<\/li>\n\n<li>Komentarze nie zawieraj\u0105 \u017cadnych znies\u0142awiaj\u0105cych, oszczerczych, obra\u017aliwych, nieprzyzwoitych lub w inny spos\u00f3b niezgodnych z prawem materia\u0142\u00f3w, kt\u00f3re stanowi\u0105 naruszenie prywatno\u015bci.<\/li>\n\n<li>Komentarze nie b\u0119d\u0105 wykorzystywane do pozyskiwania lub promowania dzia\u0142alno\u015bci gospodarczej lub zwyczaj\u00f3w, ani do prezentowania dzia\u0142alno\u015bci komercyjnej lub niezgodnej z prawem.<\/li>\n<\/ul>\n\n<p>U\u017cytkownik niniejszym udziela Riva Prime niewy\u0142\u0105cznej licencji na wykorzystywanie, powielanie, edytowanie i upowa\u017cnianie innych os\u00f3b do wykorzystywania, powielania i edytowania komentarzy u\u017cytkownika w dowolnej formie, formacie lub mediach.<\/p>\n\n<h3 class=\"wp-block-heading\"><strong>Hiper\u0142\u0105cza do naszych tre\u015bci<\/strong><\/h3>\n\n<p>Nast\u0119puj\u0105ce organizacje mog\u0105 zamieszcza\u0107 \u0142\u0105cza do naszej Witryny bez uprzedniej pisemnej zgody:<\/p>\n\n<ul class=\"wp-block-list\">\n<li>Agencje rz\u0105dowe;<\/li>\n\n<li>Wyszukiwarki;<\/li>\n\n<li>Organizacje informacyjne;<\/li>\n\n<li>Dystrybutorzy katalog\u00f3w online mog\u0105 umieszcza\u0107 \u0142\u0105cza do naszej Witryny w taki sam spos\u00f3b, w jaki umieszczaj\u0105 hiper\u0142\u0105cza do Witryn innych wymienionych firm; oraz<\/li>\n\n<li>Akredytowane firmy w ca\u0142ym systemie, z wyj\u0105tkiem organizacji non-profit, charytatywnych centr\u00f3w handlowych i grup zbieraj\u0105cych fundusze na cele charytatywne, kt\u00f3re nie mog\u0105 umieszcza\u0107 hiper\u0142\u0105czy do naszej witryny internetowej.<\/li>\n<\/ul>\n\n<p>Organizacje te mog\u0105 umieszcza\u0107 \u0142\u0105cza do naszej strony g\u0142\u00f3wnej, publikacji lub innych informacji w Witrynie, o ile takie \u0142\u0105cze: (a) nie jest w \u017caden spos\u00f3b zwodniczy; (b) nie sugeruje fa\u0142szywie sponsorowania, poparcia lub zatwierdzenia strony linkuj\u0105cej i jej produkt\u00f3w i\/lub us\u0142ug; oraz (c) pasuje do kontekstu strony strony linkuj\u0105cej.<\/p>\n\n<p>Mo\u017cemy rozpatrywa\u0107 i zatwierdza\u0107 inne pro\u015bby o linki od nast\u0119puj\u0105cych typ\u00f3w organizacji:<\/p>\n\n<ul class=\"wp-block-list\">\n<li>powszechnie znane \u017ar\u00f3d\u0142a informacji konsumenckich i\/lub biznesowych;<\/li>\n\n<li>witryny spo\u0142eczno\u015bci dot.com;<\/li>\n\n<li>stowarzyszenia lub inne grupy reprezentuj\u0105ce organizacje charytatywne;<\/li>\n\n<li>dystrybutorzy katalog\u00f3w online;<\/li>\n\n<li>portale internetowe;<\/li>\n\n<li>firmy ksi\u0119gowe, prawnicze i konsultingowe; oraz<\/li>\n\n<li>instytucje edukacyjne i stowarzyszenia handlowe.<\/li>\n<\/ul>\n\n<p>Zatwierdzimy pro\u015bby o link od tych organizacji, je\u015bli uznamy, \u017ce: (a) link nie sprawi, \u017ce b\u0119dziemy wygl\u0105da\u0107 niekorzystnie dla nas samych lub dla naszych akredytowanych firm; (b) organizacja nie ma \u017cadnych negatywnych zapis\u00f3w z nami; (c) korzy\u015b\u0107 dla nas z widoczno\u015bci hiper\u0142\u0105cza rekompensuje brak Riva Prime; oraz (d) link jest w kontek\u015bcie og\u00f3lnych informacji o zasobach.<\/p>\n\n<p>Organizacje te mog\u0105 zamieszcza\u0107 odno\u015bniki do naszej strony g\u0142\u00f3wnej, o ile odno\u015bniki te: (a) nie jest w \u017caden spos\u00f3b zwodniczy; (b) nie sugeruje fa\u0142szywie sponsorowania, poparcia lub zatwierdzenia strony linkuj\u0105cej i jej produkt\u00f3w lub us\u0142ug; oraz (c) pasuje do kontekstu strony strony linkuj\u0105cej.<\/p>\n\n<p>Je\u015bli jeste\u015b jedn\u0105 z organizacji wymienionych w paragrafie 2 powy\u017cej i jeste\u015b zainteresowany umieszczeniem linku do naszej strony internetowej, musisz nas o tym poinformowa\u0107, wysy\u0142aj\u0105c wiadomo\u015b\u0107 e-mail do Riva Prime. Prosimy o podanie swojego imienia i nazwiska, nazwy organizacji, danych kontaktowych, a tak\u017ce adresu URL swojej witryny, listy adres\u00f3w URL, z kt\u00f3rych u\u017cytkownik zamierza utworzy\u0107 \u0142\u0105cza do naszej witryny, oraz listy adres\u00f3w URL w naszej witrynie, do kt\u00f3rych u\u017cytkownik chcia\u0142by utworzy\u0107 \u0142\u0105cza. Na odpowied\u017a nale\u017cy poczeka\u0107 2-3 tygodnie.<\/p>\n\n<p>Zatwierdzone organizacje mog\u0105 umieszcza\u0107 hiper\u0142\u0105cza do naszej Witryny w nast\u0119puj\u0105cy spos\u00f3b:<\/p>\n\n<ul class=\"wp-block-list\">\n<li>Poprzez u\u017cycie nazwy firmy; lub<\/li>\n\n<li>Poprzez u\u017cycie jednolitego lokalizatora zasob\u00f3w, do kt\u00f3rego prowadzi link; lub<\/li>\n\n<li>Poprzez u\u017cycie dowolnego innego opisu naszej Witryny, do kt\u00f3rej prowadzi \u0142\u0105cze, kt\u00f3ry ma sens w kontek\u015bcie i formacie tre\u015bci na stronie strony, do kt\u00f3rej prowadzi \u0142\u0105cze.<\/li>\n<\/ul>\n\n<p>W przypadku braku umowy licencyjnej dotycz\u0105cej znaku towarowego nie b\u0119dzie dozwolone wykorzystywanie logo Riva Prime ani innych element\u00f3w graficznych do tworzenia link\u00f3w.<\/p>\n\n<h3 class=\"wp-block-heading\"><strong>iFrames<\/strong><\/h3>\n\n<p>Bez uprzedniej zgody i pisemnego zezwolenia, u\u017cytkownik nie mo\u017ce tworzy\u0107 ramek wok\u00f3\u0142 naszych Stron Internetowych, kt\u00f3re w jakikolwiek spos\u00f3b zmieniaj\u0105 wizualn\u0105 prezentacj\u0119 lub wygl\u0105d naszej Strony Internetowej.<\/p>\n\n<h3 class=\"wp-block-heading\"><strong>Odpowiedzialno\u015b\u0107 za tre\u015b\u0107<\/strong><\/h3>\n\n<p>Nie ponosimy odpowiedzialno\u015bci za jakiekolwiek tre\u015bci pojawiaj\u0105ce si\u0119 w Witrynie u\u017cytkownika. U\u017cytkownik zgadza si\u0119 chroni\u0107 i broni\u0107 nas przed wszelkimi roszczeniami, kt\u00f3re pojawiaj\u0105 si\u0119 na jego Witrynie. \u017badne linki nie powinny pojawia\u0107 si\u0119 na \u017cadnej stronie internetowej, kt\u00f3ra mo\u017ce by\u0107 interpretowana jako znies\u0142awiaj\u0105ca, obsceniczna lub przest\u0119pcza, lub kt\u00f3ra narusza, w inny spos\u00f3b narusza lub popiera naruszenie lub inne naruszenie praw os\u00f3b trzecich.<\/p>\n\n<h3 class=\"wp-block-heading\"><strong>Prywatno\u015b\u0107 u\u017cytkownika<\/strong><\/h3>\n\n<p>Prosimy o zapoznanie si\u0119 z Polityk\u0105 prywatno\u015bci<\/p>\n\n<h3 class=\"wp-block-heading\"><strong>Zastrze\u017cenie praw<\/strong><\/h3>\n\n<p>Zastrzegamy sobie prawo do za\u017c\u0105dania od u\u017cytkownika usuni\u0119cia wszystkich link\u00f3w lub poszczeg\u00f3lnych link\u00f3w do naszej Witryny. U\u017cytkownik wyra\u017ca zgod\u0119 na natychmiastowe usuni\u0119cie wszystkich link\u00f3w do naszej Witryny na \u017c\u0105danie. Zastrzegamy sobie r\u00f3wnie\u017c prawo do zmiany niniejszych warunk\u00f3w i zasad linkowania w dowolnym momencie. Poprzez ci\u0105g\u0142e linkowanie do naszej Witryny, u\u017cytkownik wyra\u017ca zgod\u0119 na przestrzeganie niniejszych warunk\u00f3w i zasad linkowania.<\/p>\n\n<h3 class=\"wp-block-heading\"><strong>Usuwanie link\u00f3w z naszej strony internetowej<\/strong><\/h3>\n\n<p>Je\u015bli u\u017cytkownik znajdzie w naszej Witrynie jakikolwiek link, kt\u00f3ry z jakiegokolwiek powodu jest obra\u017aliwy, mo\u017ce skontaktowa\u0107 si\u0119 z nami i poinformowa\u0107 nas o tym w dowolnym momencie. Rozwa\u017cymy pro\u015bby o usuni\u0119cie link\u00f3w, ale nie jeste\u015bmy do tego zobowi\u0105zani ani nie odpowiadamy bezpo\u015brednio.<\/p>\n\n<p>Nie zapewniamy, \u017ce informacje na tej stronie s\u0105 prawid\u0142owe, nie gwarantujemy ich kompletno\u015bci ani dok\u0142adno\u015bci; nie obiecujemy r\u00f3wnie\u017c, \u017ce strona pozostanie dost\u0119pna lub \u017ce materia\u0142y na stronie b\u0119d\u0105 aktualizowane.<\/p>\n\n<h3 class=\"wp-block-heading\"><strong>Zastrze\u017cenie<\/strong><\/h3>\n\n<p>W maksymalnym zakresie dozwolonym przez obowi\u0105zuj\u0105ce prawo wy\u0142\u0105czamy wszelkie o\u015bwiadczenia, gwarancje i warunki zwi\u0105zane z nasz\u0105 witryn\u0105 internetow\u0105 i korzystaniem z niej. \u017badne z postanowie\u0144 niniejszego wy\u0142\u0105czenia odpowiedzialno\u015bci nie b\u0119dzie<\/p>\n\n<ul class=\"wp-block-list\">\n<li>ogranicza\u0107 lub wy\u0142\u0105cza\u0107 naszej lub u\u017cytkownika odpowiedzialno\u015bci za \u015bmier\u0107 lub obra\u017cenia cia\u0142a;<\/li>\n\n<li>ogranicza\u0107 lub wy\u0142\u0105cza\u0107 naszej lub u\u017cytkownika odpowiedzialno\u015bci za oszustwo lub \u015bwiadome wprowadzenie w b\u0142\u0105d;<\/li>\n\n<li>ograniczy\u0107 jakiekolwiek nasze lub u\u017cytkownika zobowi\u0105zania w jakikolwiek spos\u00f3b, kt\u00f3ry nie jest dozwolony przez obowi\u0105zuj\u0105ce prawo; lub<\/li>\n\n<li>wy\u0142\u0105cza\u0107 jakichkolwiek zobowi\u0105za\u0144 naszych lub u\u017cytkownika, kt\u00f3re nie mog\u0105 zosta\u0107 wy\u0142\u0105czone na mocy obowi\u0105zuj\u0105cego prawa.<\/li>\n<\/ul>\n\n<p>Ograniczenia i zakazy odpowiedzialno\u015bci okre\u015blone w niniejszej sekcji i w innych miejscach niniejszego wy\u0142\u0105czenia odpowiedzialno\u015bci: (a) podlegaj\u0105 poprzedniemu akapitowi; oraz (b) reguluj\u0105 wszystkie zobowi\u0105zania wynikaj\u0105ce z wy\u0142\u0105czenia odpowiedzialno\u015bci, w tym zobowi\u0105zania wynikaj\u0105ce z umowy, czynu niedozwolonego i naruszenia obowi\u0105zk\u00f3w ustawowych.<\/p>\n\n<p>Tak d\u0142ugo, jak strona internetowa oraz informacje i us\u0142ugi na stronie internetowej s\u0105 dostarczane bezp\u0142atnie, nie ponosimy odpowiedzialno\u015bci za jakiekolwiek straty lub szkody jakiegokolwiek rodzaju.<\/p>\n<h2>Anulowanie i ograniczenie dost\u0119pu<\/h2>\n<p>Riva Prime zastrzega sobie prawo do zako\u0144czenia dost\u0119pu u\u017cytkownika do witryny i powi\u0105zanych us\u0142ug lub dowolnej ich cz\u0119\u015bci w dowolnym momencie, bez powiadomienia lub obserwacji. \u201cNielegalne korzystanie\u201d z witryny na mocy niniejszej umowy podlega prawu europejskiemu we wszystkich sporach zwi\u0105zanych z korzystaniem z witryny. Korzystanie z witryny jest niedozwolone w ka\u017cdej jurysdykcji, w kt\u00f3rej niniejsza umowa nie ma wp\u0142ywu na wszystkie strony niniejszej umowy i warunk\u00f3w, w tym niniejszego paragrafu.<\/p>\n<p><br \/>U\u017cytkownik zgadza si\u0119, \u017ce nie istnieje \u017cadne stowarzyszenie, partnerstwo, zatrudnienie ani zwi\u0105zek mi\u0119dzy u\u017cytkownikiem a witryn\u0105 w wyniku niniejszej umowy lub korzystania z witryny. Wykonanie przez Riva Prime niniejszej umowy podlega obowi\u0105zuj\u0105cym przepisom i procesom prawnym, a \u017cadne z postanowie\u0144 niniejszej umowy nie uchyla praw witryny do przestrzegania \u017c\u0105da\u0144 lub wymaga\u0144 organ\u00f3w rz\u0105dowych lub organ\u00f3w \u015bcigania dotycz\u0105cych korzystania z witryny.<\/p>\n<p><br \/>Je\u015bli jakakolwiek cz\u0119\u015b\u0107 niniejszej umowy zostanie uznana za niewa\u017cn\u0105, niewykonaln\u0105 lub sprzeczn\u0105 z prawem, w\u00f3wczas niewa\u017cne lub niewykonalne postanowienie zostanie uznane za zast\u0105pione wa\u017cnym, wykonalnym postanowieniem, kt\u00f3re najbardziej odpowiada intencji pierwotnego postanowienia, a pozosta\u0142a cz\u0119\u015b\u0107 umowy pozostanie w mocy. Niniejsza umowa stanowi ca\u0142o\u015b\u0107 porozumienia mi\u0119dzy u\u017cytkownikiem a Riva Prime w odniesieniu do witryny i zast\u0119puje wszelkie wcze\u015bniejsze komunikaty i propozycje, zar\u00f3wno elektroniczne, ustne, jak i pisemne, mi\u0119dzy u\u017cytkownikiem a Riva Prime w odniesieniu do witryny. Drukowana wersja niniejszej umowy i wszelkich powiadomie\u0144 przekazanych w formie elektronicznej mo\u017ce by\u0107 wymagana w post\u0119powaniu s\u0105dowym lub administracyjnym dotycz\u0105cym niniejszej umowy.<\/p>\n<h2>Prawa autorskie<\/h2>\n<p>Wszystkie tre\u015bci na stronie, w tym tekst, obrazy, grafiki, d\u017awi\u0119ki, filmy, animacje, pliki do pobrania, a tak\u017ce spos\u00f3b ich prezentacji, struktura strony i rozmieszczenie element\u00f3w, podlegaj\u0105 bez wyj\u0105tku prawom autorskim naszej marki, chyba \u017ce wskazano inaczej.<\/p>\n<p><br \/>Nie udziela si\u0119 \u017cadnej licencji ani prawa w\u0142asno\u015bci do informacji zawartych na stronie, a u\u017cytkownik nie mo\u017ce powiela\u0107 zawarto\u015bci strony. \u017badna zawarto\u015b\u0107 witryny nie mo\u017ce by\u0107 kopiowana, rozpowszechniana, modyfikowana ani umieszczana w innej witrynie bez uprzedniej pisemnej zgody marki.<\/p>\n\n<p>\u00a0<\/p>\n\n<p>\u00a0<\/p>\n\t\t\t\t\t\t\t\t<\/div>\n\t\t\t\t<\/div>\n\t\t\t\t\t<\/div>\n\t\t\t\t<\/div>\n\t\t\t\t<\/div>","protected":false},"excerpt":{"rendered":"<p>These terms and conditions outline the rules and regulations for the use of Riva Prime Website, located at https:\/\/www.rivaprime.eu\/. By accessing this website we assume you accept these terms and conditions. Do not continue to use Riva Prime if you do not agree to take all of the terms and conditions stated on this page. &#8230;<\/p>","protected":false},"author":1,"featured_media":0,"parent":0,"menu_order":0,"comment_status":"closed","ping_status":"closed","template":"","meta":{"cozystay_single_page_hide_site_header":"","cozystay_single_page_site_header_source":"","cozystay_single_page_custom_site_header":"0","cozystay_single_page_custom_sticky_site_header":"0","cozystay_single_page_hide_page_title":"","cozystay_single_page_header_section_size":"","cozystay_single_page_header_background_color":"","cozystay_single_page_header_background_position_x":"center","cozystay_single_page_header_background_position_y":"center","cozystay_single_page_header_background_size":"cover","cozystay_single_page_header_background_repeat":"off","cozystay_single_page_header_background_scroll":"on","cozystay_single_page_header_text_color":"","cozystay_single_page_header_show_breadcrumb":"","cozystay_single_page_site_footer_hide_main":"","cozystay_single_custom_site_footer_main_source":"","cozystay_single_custom_site_footer_main":"0","cozystay_single_page_site_footer_hide_above":"","cozystay_single_custom_site_footer_above_source":"","cozystay_single_custom_site_footer_above":"0","cozystay_single_page_site_footer_hide_instagram":"","cozystay_single_page_site_footer_hide_bottom":"","cozystay_single_custom_mobile_menu_source":"","cozystay_single_custom_mobile_menu":"0","cozystay_single_custom_mobile_menu_animation":"","cozystay_single_custom_mobile_menu_width":"","cozystay_single_custom_mobile_menu_custom_width":375,"footnotes":""},"class_list":["post-3","page","type-page","status-publish","hentry"],"aioseo_notices":[],"_links":{"self":[{"href":"https:\/\/rivaprime.eu\/pl\/wp-json\/wp\/v2\/pages\/3","targetHints":{"allow":["GET"]}}],"collection":[{"href":"https:\/\/rivaprime.eu\/pl\/wp-json\/wp\/v2\/pages"}],"about":[{"href":"https:\/\/rivaprime.eu\/pl\/wp-json\/wp\/v2\/types\/page"}],"author":[{"embeddable":true,"href":"https:\/\/rivaprime.eu\/pl\/wp-json\/wp\/v2\/users\/1"}],"replies":[{"embeddable":true,"href":"https:\/\/rivaprime.eu\/pl\/wp-json\/wp\/v2\/comments?post=3"}],"version-history":[{"count":13,"href":"https:\/\/rivaprime.eu\/pl\/wp-json\/wp\/v2\/pages\/3\/revisions"}],"predecessor-version":[{"id":2471,"href":"https:\/\/rivaprime.eu\/pl\/wp-json\/wp\/v2\/pages\/3\/revisions\/2471"}],"wp:attachment":[{"href":"https:\/\/rivaprime.eu\/pl\/wp-json\/wp\/v2\/media?parent=3"}],"curies":[{"name":"wp","href":"https:\/\/api.w.org\/{rel}","templated":true}]}}